{"id":46,"date":"2021-03-30T12:40:49","date_gmt":"2021-03-30T15:40:49","guid":{"rendered":"http:\/\/talenttour.com.br\/?page_id=46"},"modified":"2022-12-19T11:46:21","modified_gmt":"2022-12-19T14:46:21","slug":"orlando-adventure","status":"publish","type":"page","link":"https:\/\/talenttour.com.br\/index.php\/orlando-adventure\/","title":{"rendered":"Orlando Adventure"},"content":{"rendered":"<div class=\"wp-block-image\">\n<figure class=\"aligncenter size-large is-resized\"><img loading=\"lazy\" decoding=\"async\" src=\"http:\/\/talenttour.com.br\/wp-content\/uploads\/2021\/05\/logo-FINAL-1024x460.png\" alt=\"\" class=\"wp-image-3593\" width=\"256\" height=\"115\" srcset=\"https:\/\/talenttour.com.br\/wp-content\/uploads\/2021\/05\/logo-FINAL-1024x460.png 1024w, https:\/\/talenttour.com.br\/wp-content\/uploads\/2021\/05\/logo-FINAL-300x135.png 300w, https:\/\/talenttour.com.br\/wp-content\/uploads\/2021\/05\/logo-FINAL-768x345.png 768w, https:\/\/talenttour.com.br\/wp-content\/uploads\/2021\/05\/logo-FINAL-1536x689.png 1536w, https:\/\/talenttour.com.br\/wp-content\/uploads\/2021\/05\/logo-FINAL-2048x919.png 2048w, https:\/\/talenttour.com.br\/wp-content\/uploads\/2021\/05\/logo-FINAL-228x102.png 228w\" sizes=\"auto, (max-width: 256px) 100vw, 256px\" \/><\/figure><\/div>\n\n\n<p><\/p>\n\n\n\n<p>Oferecemos um programa visitando a cidade de Orlando-Fl que conta com a estrutura da TALENT TOUR e da TALENT TOUR USA, incluindo <strong><em>8 parques tem\u00e1ticos<\/em><\/strong>, <strong><em>5 atra\u00e7\u00f5es<\/em><\/strong> e os principais <strong><em>outlets<\/em><\/strong> e lojas de brasileiros para as compras.<br>O pacote se divide em a\u00e9reo e terrestre.<br>A passagem a\u00e9rea poder\u00e1 ser adquirida com a Talent Tour ou pelo pr\u00f3prio passageiro, por exemplo, utilizando suas milhas.<\/p>\n\n\n\n<p class=\"has-white-color has-text-color has-background\" style=\"background-color:#414c6c\"><strong>O PROGRAMA<\/strong><\/p>\n\n\n\n<p><strong>1\u00ba. DIA <\/strong>\u2013 Quarta &#8211; <em>EMBARQUE BRASIL<\/em> \u2013 ESTADOS UNIDOS;<br><strong>2\u00ba. DIA<\/strong> \u2013 Quinta &#8211; <em>MIAMI &#8211; ORLANDO<\/em> \u2013 Target, Tony&#8217;s, Perfumeland &#8211; Hotel &#8211; DISNEY SPRINGS &#8211; Hotel;<br><strong>3\u00ba. DIA<\/strong> \u2013 Sexta &#8211; <em>ORLANDO <\/em>\u2013 Hotel \u2013 SEA WORLD &#8211; Shopping Premium &#8211; Hotel;<br><strong>4\u00ba. DIA<\/strong> \u2013 S\u00e1bado &#8211; <em>ORLANDO <\/em>\u2013 Hotel &#8211; EPCOT &#8211; Hotel;<br><strong>5\u00ba. DIA<\/strong> \u2013 Domingo &#8211; <em>ORLANDO <\/em>\u2013 Hotel &#8211; ANIMAL KINGDOM &#8211; Hotel;<br><strong>6\u00ba. DIA<\/strong> \u2013 Segunda &#8211; <em>ORLANDO <\/em>\u2013 Hotel \u2013 UNIVERSAL STUDIOS &#8211; DAN\u00c7AR NA UNIVERSAL &#8211; Hotel;<br><strong>7\u00ba. DIA <\/strong>&#8211; Ter\u00e7a &#8211; <em>ORLANDO <\/em>\u2013 Hotel \u2013 BUSCH GARDENS e Shopping Florida Mall &#8211; Hotel;<br><strong>8\u00ba. DIA<\/strong> \u2013 Quarta &#8211; <em>ORLANDO <\/em>\u2013 Hotel &#8211; MAGIC KINGDOM &#8211; Hotel;<br><strong>9\u00ba. DIA<\/strong> \u2013 Quinta (f) &#8211; <em>ORLANDO <\/em>\u2013 Hotel \u2013 ISLANDS OF ADVENTURE, City Walk &#8211; Hotel;<br><strong>10\u00ba. DIA <\/strong>&#8211; Sexta (f) &#8211; <em>ORLANDO <\/em>\u2013 Hotel &#8211; HOLLYWOOD STUDIOS &#8211; Hotel;<br><strong>11\u00ba. DIA<\/strong> &#8211; S\u00e1bado &#8211; <em>ORLANDO <\/em>\u2013 Hotel \u2013 The Wheel, Museu Madame Tussauds, Sea Life \u2013 Aeroporto;<br><strong>12\u00ba. DIA<\/strong> &#8211; Domingo &#8211; Chegada ao BRASIL.<\/p>\n\n\n\n<p class=\"has-white-color has-text-color has-background\" style=\"background-color:#414c6c\"><u><strong>O QUE EST\u00c1 INCLU\u00cdDO NO PACOTE<\/strong><\/u><\/p>\n\n\n\n<p>\u2022 HOSPEDAGEM &#8211; (9 noites) = Wyndham Orlando Resort &amp; Conference Center Celebration Area (apartamentos qu\u00e1druplos ou similar c\/ caf\u00e9 manh\u00e3);<br>\u2022 TRANSPORTE para todas as atra\u00e7\u00f5es do programa;<br>\u2022 SEGURO SA\u00daDE e BAGAGEM com cobertura de US$ 30.000,00;<br>\u2022 INGRESSOS DISNEY (4 dias \u2013 Magic Kingdom, Epcot, Animal Kingdom e Hollywood Studios);<br>\u2022 INGRESSOS UNIVERSAL STUDIOS e ISLANDS OF ADVENTURE (2 dias) Park to Park;<br>\u2022 INGRESSOS SEA WORLD e BUSCH GARDENS;<br>\u2022 INGRESSO THE WHEEL (Roda Gigante);<br>\u2022 INGRESSO MUSEU DE CERA MADAME TUSSAUDS;<br>\u2022 INGRESSO AQU\u00c1RIO SEA LIFE;<br>\u2022 GUIA ESPECIALIZADO NOS PARQUES;<br>\u2022 VISITAS AOS SHOPPINGS FLORIDA MALL, PREMIUM e LOJAS DE BRASILEIROS;<br>\u2022 VISITAS a DISNEY SPRINGS e CITY WALK;<br>\u2022 ACOMPANHAMENTO DESDE O BRASIL PELOS COORDENADORES DA TALENT TOUR;<br>\u2022 ORIENTA\u00c7\u00c3O PARA A OBTEN\u00c7\u00c3O DOS VISTOS NORTE-AMERICANOS.<\/p>\n\n\n\n<p>E mais:<\/p>\n\n\n\n<p>\u2022 APROVEITAMENTO M\u00c1XIMO DOS PARQUES (Objetivando chegar na abertura e sair no fechamento);<br>\u2022 POSSIBILIDADE DE ASSISTIRMOS UM<strong> JOGO DA NBA<\/strong> (dependendo da agenda dos jogos) <em>\u2013 OPCIONAL;<\/em><br>\u2022 ETIQUETA DE MALA PERSONALIZADA, CAPA DE PASSAPORTE e PORTA CRACH\u00c1\/INGRESSO.<\/p>\n","protected":false},"excerpt":{"rendered":"<p>Oferecemos um programa visitando a cidade de Orlando-Fl que conta com a estrutura da TALENT TOUR e da TALENT TOUR USA, incluindo 8 parques tem\u00e1ticos, 5 atra\u00e7\u00f5es e os principais outlets e lojas de brasileiros para as compras.O pacote se divide em a\u00e9reo e terrestre.A passagem a\u00e9rea poder\u00e1 ser adquirida com a Talent Tour ou pelo pr\u00f3prio passageiro, por exemplo, utilizando suas milhas. O PROGRAMA 1\u00ba. DIA \u2013 Quarta &#8211; EMBARQUE BRASIL \u2013 ESTADOS UNIDOS;2\u00ba. DIA \u2013 Quinta &#8211; MIAMI&hellip;<\/p>\n","protected":false},"author":1,"featured_media":0,"parent":0,"menu_order":0,"comment_status":"closed","ping_status":"closed","template":"","meta":{"footnotes":""},"class_list":["post-46","page","type-page","status-publish","hentry"],"_links":{"self":[{"href":"https:\/\/talenttour.com.br\/index.php\/wp-json\/wp\/v2\/pages\/46","targetHints":{"allow":["GET"]}}],"collection":[{"href":"https:\/\/talenttour.com.br\/index.php\/wp-json\/wp\/v2\/pages"}],"about":[{"href":"https:\/\/talenttour.com.br\/index.php\/wp-json\/wp\/v2\/types\/page"}],"author":[{"embeddable":true,"href":"https:\/\/talenttour.com.br\/index.php\/wp-json\/wp\/v2\/users\/1"}],"replies":[{"embeddable":true,"href":"https:\/\/talenttour.com.br\/index.php\/wp-json\/wp\/v2\/comments?post=46"}],"version-history":[{"count":12,"href":"https:\/\/talenttour.com.br\/index.php\/wp-json\/wp\/v2\/pages\/46\/revisions"}],"predecessor-version":[{"id":4516,"href":"https:\/\/talenttour.com.br\/index.php\/wp-json\/wp\/v2\/pages\/46\/revisions\/4516"}],"wp:attachment":[{"href":"https:\/\/talenttour.com.br\/index.php\/wp-json\/wp\/v2\/media?parent=46"}],"curies":[{"name":"wp","href":"https:\/\/api.w.org\/{rel}","templated":true}]}}