{"id":4264,"date":"2021-06-10T11:48:00","date_gmt":"2021-06-10T14:48:00","guid":{"rendered":"http:\/\/talenttour.com.br\/?page_id=4264"},"modified":"2021-10-11T16:32:04","modified_gmt":"2021-10-11T19:32:04","slug":"conhecendo-petropolis","status":"publish","type":"page","link":"https:\/\/talenttour.com.br\/index.php\/conhecendo-petropolis\/","title":{"rendered":"Conhecendo Petr\u00f3polis"},"content":{"rendered":"\n<div class=\"wp-block-image\"><figure class=\"aligncenter size-large is-resized\"><img loading=\"lazy\" decoding=\"async\" src=\"https:\/\/talenttour.com.br\/wp-content\/uploads\/2021\/06\/logo-conhecendo-1024x489.png\" alt=\"\" class=\"wp-image-4291\" width=\"263\" height=\"125\" srcset=\"https:\/\/talenttour.com.br\/wp-content\/uploads\/2021\/06\/logo-conhecendo-1024x489.png 1024w, https:\/\/talenttour.com.br\/wp-content\/uploads\/2021\/06\/logo-conhecendo-300x143.png 300w, https:\/\/talenttour.com.br\/wp-content\/uploads\/2021\/06\/logo-conhecendo-768x367.png 768w, https:\/\/talenttour.com.br\/wp-content\/uploads\/2021\/06\/logo-conhecendo-1536x733.png 1536w, https:\/\/talenttour.com.br\/wp-content\/uploads\/2021\/06\/logo-conhecendo-2048x977.png 2048w, https:\/\/talenttour.com.br\/wp-content\/uploads\/2021\/06\/logo-conhecendo-228x109.png 228w\" sizes=\"auto, (max-width: 263px) 100vw, 263px\" \/><\/figure><\/div>\n\n\n\n<figure class=\"wp-block-embed is-type-video is-provider-youtube wp-block-embed-youtube wp-embed-aspect-16-9 wp-has-aspect-ratio\"><div class=\"wp-block-embed__wrapper\">\n<div class=\"video\"><iframe loading=\"lazy\" title=\"Conhe\u00e7a Petr\u00f3polis com a Talent Tour!\" width=\"640\" height=\"360\" src=\"https:\/\/www.youtube.com\/embed\/kWy55mtsBxs?feature=oembed\" frameborder=\"0\" allow=\"accelerometer; autoplay; clipboard-write; encrypted-media; gyroscope; picture-in-picture; web-share\" referrerpolicy=\"strict-origin-when-cross-origin\" allowfullscreen><\/iframe><\/div>\n<\/div><\/figure>\n\n\n\n<p>Conhecida como&nbsp;<strong>Cidade<\/strong>&nbsp;Imperial,&nbsp;<strong>Petr\u00f3polis<\/strong>&nbsp;est\u00e1 localizada no Estado do Rio de Janeiro, no Sudeste do Brasil. Encontra-se na mata Atl\u00e2ntica, 813 metros acima do n\u00edvel do mar, na serra dos \u00d3rg\u00e3os, e aproximadamente 67km ao norte da&nbsp;<strong>cidade<\/strong>&nbsp;do Rio de Janeiro.<\/p>\n\n\n\n<p>Fundada por iniciativa do Imperador&nbsp;Dom Pedro II&nbsp;(seu nome vem da jun\u00e7\u00e3o da palavra em latim&nbsp;<em>Petrus<\/em>&nbsp;(Pedro) com a em grego&nbsp;<em>P\u00f3lis<\/em>&nbsp;(cidade), ficando &#8220;Cidade de Pedro&#8221;), \u00e9 frequentemente chamada de &#8220;Cidade Imperial&#8221;, por ter sido a rota preferida de Dom Pedro para seus momentos de lazer e repouso. Foi capital estadual temporariamente entre 1894 e 1902, devido \u00e0&nbsp;Revolta da Armada.<\/p>\n\n\n\n<p>Petr\u00f3polis \u00e9 a cidade mais segura do Estado do&nbsp;Rio de Janeiro&nbsp;e a sexta cidade mais segura do&nbsp;Brasil, segundo classifica\u00e7\u00e3o do&nbsp;IPEA&nbsp;para cidades de m\u00e9dio e grande portes.<\/p>\n\n\n\n<p>Seu&nbsp;clima&nbsp;ameno, as constru\u00e7\u00f5es hist\u00f3ricas e a&nbsp;vegeta\u00e7\u00e3o&nbsp;abundante s\u00e3o grandes atrativos&nbsp;tur\u00edsticos.<\/p>\n\n\n\n<p class=\"has-black-color has-vivid-green-cyan-background-color has-text-color has-background\">O Projeto <strong>CONHECENDO PETR\u00d3POLIS<\/strong> vai apresentar aos participantes as seguintes atra\u00e7\u00f5es:<\/p>\n\n\n\n<p><strong>&nbsp;1 &#8211; Museu Imperial<\/strong> e seu mobili\u00e1rio de \u00e9poca no antigo pal\u00e1cio do imperador do s\u00e9culo XIX, Dom Pedro II;<\/p>\n\n\n\n<p><strong>2 &#8211; Catedral de S\u00e3o Pedro de Alc\u00e2ntara<\/strong> que alberga o mausol\u00e9u do imperador e da sua mulher; &nbsp;<\/p>\n\n\n\n<p><strong>3 &#8211; Pal\u00e1cio Quitandinha <\/strong>que foi constru\u00eddo a partir de 1941 para ser o maior cassino hotel da&nbsp;Am\u00e9rica do Sul;<\/p>\n\n\n\n<p><strong>4 &#8211; Casa de Santos Dumont, <\/strong>a <em>Encantada,<\/em>que possui algumas peculiaridades, como uma de suas \u00faltimas inven\u00e7\u00f5es que \u00e9 o chuveiro com \u00e1gua quente e tamb\u00e9m a escada externa onde se pode somente come\u00e7ar a subir com a perna direita e a interna que se pode somente come\u00e7ar a subir com a perna esquerda entre outras curiosidades.<\/p>\n\n\n\n<p><strong>5 &#8211; Parque Cremerie<\/strong>, antiga Cr\u00e9merie Buisson, f\u00e1brica de queijos de Jules Buisson, fundada em 1845, cujos produtos eram conhecidos em todo Brasil gra\u00e7as \u00e0 sua excelente qualidade. Mais tarde, a Cr\u00e9merie foi adquirida pela fam\u00edlia Sixel, transformada em hotel e posteriormente em \u00e1rea p\u00fablica, medindo mais de 40 mil metros quadrados. Local de lazer desde os ver\u00f5es da sociedade da belle \u00e9poque at\u00e9 os dias atuais. Possui quadras de esportes, piscina, lago com pedalinhos e \u00e1rea verde. <br>Localizado em \u00e1rea de preserva\u00e7\u00e3o ambiental, com 47 mil metros quadrados que incluem playground, quadras esportivas e pedalinho. O maior atrativo do local \u00e9 a tranquilidade at\u00edpica de um ponto tur\u00edstico. Trechos de mata atl\u00e2ntica dividem a aten\u00e7\u00e3o dos visitantes, com op\u00e7\u00f5es que atraem centenas de pessoas todos os dias.<\/p>\n\n\n\n<p><strong>6 &#8211; Museu de Cera<\/strong>, um museu de figuras de cera, fundado em 2011 na cidade de Petr\u00f3polis. O museu possui figuras de personagens, artistas, ou indiv\u00edduos renomados como Albert Einstein, Jack Sparrow, Batman, Os Beatles, entre outras personalidades;<\/p>\n\n\n\n<p><strong>7 &#8211; Museu de Porcelana<\/strong>, fundado em 2018, \u00e9 um museu dedicado \u00e0 porcelana que re\u00fane um acervo de 1300 pe\u00e7as pintadas a m\u00e3o e re\u00fane, principalmente de miniaturas de animais, dos s\u00e9culos XIX e XX;<\/p>\n\n\n\n<p><strong>8 &#8211; Pra\u00e7a da Liberdade &#8211;<\/strong> Sendo a maior pra\u00e7a, em \u00e1rea, do Centro Hist\u00f3rico, possui uma superf\u00edcie de 21.275 metros quadrados. O primeiro nome foi Largo Dom Afonso, em homenagem prestada ao primog\u00eanito de D. Pedro II, que faleceu prematuramente. Era um lugar de pouco trato, at\u00e9 que em 1885, o vereador Dr. Manoel Bordini prop\u00f4s que a \u00e1rea fosse urbanizada e entregue \u00e0 popula\u00e7\u00e3o para lazer. Em 1886, Dr. Auguste Glaziou, bot\u00e2nico franc\u00eas de renome, veio a Petr\u00f3polis e cuidou do paisagismo do Largo Dom Afonso, em conjunto com o mestre-de- obras da prov\u00edncia do Rio de Janeiro. Foi denominada Pra\u00e7a da Liberdade em 1888, porque ali se reuniam os escravos livres para comprar a liberdade dos companheiros que ainda eram mantidos nas senzalas.<\/p>\n\n\n<p><img loading=\"lazy\" decoding=\"async\" class=\" wp-image-4363 alignleft\" src=\"http:\/\/talenttour.com.br\/wp-content\/uploads\/2021\/06\/conhecendo1-300x284.jpg\" alt=\"\" width=\"160\" height=\"152\" srcset=\"https:\/\/talenttour.com.br\/wp-content\/uploads\/2021\/06\/conhecendo1-300x284.jpg 300w, https:\/\/talenttour.com.br\/wp-content\/uploads\/2021\/06\/conhecendo1-768x726.jpg 768w, https:\/\/talenttour.com.br\/wp-content\/uploads\/2021\/06\/conhecendo1-123x116.jpg 123w, https:\/\/talenttour.com.br\/wp-content\/uploads\/2021\/06\/conhecendo1.jpg 772w\" sizes=\"auto, (max-width: 160px) 100vw, 160px\" \/> <img loading=\"lazy\" decoding=\"async\" class=\" wp-image-4364 alignleft\" src=\"http:\/\/talenttour.com.br\/wp-content\/uploads\/2021\/06\/conhecendo2-300x284.jpg\" alt=\"\" width=\"160\" height=\"152\" srcset=\"https:\/\/talenttour.com.br\/wp-content\/uploads\/2021\/06\/conhecendo2-300x284.jpg 300w, https:\/\/talenttour.com.br\/wp-content\/uploads\/2021\/06\/conhecendo2-768x726.jpg 768w, https:\/\/talenttour.com.br\/wp-content\/uploads\/2021\/06\/conhecendo2-123x116.jpg 123w, https:\/\/talenttour.com.br\/wp-content\/uploads\/2021\/06\/conhecendo2.jpg 772w\" sizes=\"auto, (max-width: 160px) 100vw, 160px\" \/> <img loading=\"lazy\" decoding=\"async\" class=\" wp-image-4365 alignleft\" src=\"http:\/\/talenttour.com.br\/wp-content\/uploads\/2021\/06\/conhecendo3-300x284.jpg\" alt=\"\" width=\"160\" height=\"152\" srcset=\"https:\/\/talenttour.com.br\/wp-content\/uploads\/2021\/06\/conhecendo3-300x284.jpg 300w, https:\/\/talenttour.com.br\/wp-content\/uploads\/2021\/06\/conhecendo3-768x726.jpg 768w, https:\/\/talenttour.com.br\/wp-content\/uploads\/2021\/06\/conhecendo3-123x116.jpg 123w, https:\/\/talenttour.com.br\/wp-content\/uploads\/2021\/06\/conhecendo3.jpg 772w\" sizes=\"auto, (max-width: 160px) 100vw, 160px\" \/> <img loading=\"lazy\" decoding=\"async\" class=\" wp-image-4366 alignleft\" src=\"http:\/\/talenttour.com.br\/wp-content\/uploads\/2021\/06\/conhecendo4-300x284.jpg\" alt=\"\" width=\"160\" height=\"152\" srcset=\"https:\/\/talenttour.com.br\/wp-content\/uploads\/2021\/06\/conhecendo4-300x284.jpg 300w, https:\/\/talenttour.com.br\/wp-content\/uploads\/2021\/06\/conhecendo4-768x726.jpg 768w, https:\/\/talenttour.com.br\/wp-content\/uploads\/2021\/06\/conhecendo4-123x116.jpg 123w, https:\/\/talenttour.com.br\/wp-content\/uploads\/2021\/06\/conhecendo4.jpg 772w\" sizes=\"auto, (max-width: 160px) 100vw, 160px\" \/> <img loading=\"lazy\" decoding=\"async\" class=\" wp-image-4367 alignleft\" src=\"http:\/\/talenttour.com.br\/wp-content\/uploads\/2021\/06\/conhecendo5-300x284.jpg\" alt=\"\" width=\"160\" height=\"152\" srcset=\"https:\/\/talenttour.com.br\/wp-content\/uploads\/2021\/06\/conhecendo5-300x284.jpg 300w, https:\/\/talenttour.com.br\/wp-content\/uploads\/2021\/06\/conhecendo5-768x726.jpg 768w, https:\/\/talenttour.com.br\/wp-content\/uploads\/2021\/06\/conhecendo5-123x116.jpg 123w, https:\/\/talenttour.com.br\/wp-content\/uploads\/2021\/06\/conhecendo5.jpg 772w\" sizes=\"auto, (max-width: 160px) 100vw, 160px\" \/> <img loading=\"lazy\" decoding=\"async\" class=\"wp-image-4368 alignleft\" src=\"http:\/\/talenttour.com.br\/wp-content\/uploads\/2021\/06\/conhecendo6-300x284.jpg\" alt=\"\" width=\"160\" height=\"152\" srcset=\"https:\/\/talenttour.com.br\/wp-content\/uploads\/2021\/06\/conhecendo6-300x284.jpg 300w, https:\/\/talenttour.com.br\/wp-content\/uploads\/2021\/06\/conhecendo6-768x726.jpg 768w, https:\/\/talenttour.com.br\/wp-content\/uploads\/2021\/06\/conhecendo6-123x116.jpg 123w, https:\/\/talenttour.com.br\/wp-content\/uploads\/2021\/06\/conhecendo6.jpg 772w\" sizes=\"auto, (max-width: 160px) 100vw, 160px\" \/> <img loading=\"lazy\" decoding=\"async\" class=\"wp-image-4369 alignleft\" src=\"http:\/\/talenttour.com.br\/wp-content\/uploads\/2021\/06\/conhecendo7-300x284.jpg\" alt=\"\" width=\"160\" height=\"151\" srcset=\"https:\/\/talenttour.com.br\/wp-content\/uploads\/2021\/06\/conhecendo7-300x284.jpg 300w, https:\/\/talenttour.com.br\/wp-content\/uploads\/2021\/06\/conhecendo7-768x726.jpg 768w, https:\/\/talenttour.com.br\/wp-content\/uploads\/2021\/06\/conhecendo7-123x116.jpg 123w, https:\/\/talenttour.com.br\/wp-content\/uploads\/2021\/06\/conhecendo7.jpg 772w\" sizes=\"auto, (max-width: 160px) 100vw, 160px\" \/> <img loading=\"lazy\" decoding=\"async\" class=\"wp-image-4370 alignleft\" src=\"http:\/\/talenttour.com.br\/wp-content\/uploads\/2021\/06\/conhecendo8-300x284.jpg\" alt=\"\" width=\"160\" height=\"151\" srcset=\"https:\/\/talenttour.com.br\/wp-content\/uploads\/2021\/06\/conhecendo8-300x284.jpg 300w, https:\/\/talenttour.com.br\/wp-content\/uploads\/2021\/06\/conhecendo8-768x726.jpg 768w, https:\/\/talenttour.com.br\/wp-content\/uploads\/2021\/06\/conhecendo8-123x116.jpg 123w, https:\/\/talenttour.com.br\/wp-content\/uploads\/2021\/06\/conhecendo8.jpg 772w\" sizes=\"auto, (max-width: 160px) 100vw, 160px\" \/><\/p>\n\n\n<p>Tudo isso conduzido por <strong>Guia Especializado<\/strong> em parceria com Associa\u00e7\u00e3o dos Guias Tur\u00edsticos de Petr\u00f3polis e por um <strong>Coordenador da Talent Tour<\/strong>, al\u00e9m dos <strong>professores e outros profissionais indicados pela Escola<\/strong>.<\/p>\n\n\n\n<p>O Programa tamb\u00e9m inclui:<\/p>\n\n\n\n<p class=\"has-black-color has-pale-cyan-blue-background-color has-text-color has-background\"><strong>SA\u00cdDAS DO GRANDE RIO (RJ)<\/strong><br>&#8211; <strong>Transporte desde a Escola at\u00e9 a cidade de Petr\u00f3polis<\/strong> em \u00f4nibus luxo com ar condicionado;<br>&#8211; <strong>Almo\u00e7o em restaurante<\/strong>, com bebidas n\u00e3o alco\u00f3licas e sobremesa, <br>&#8211; <strong>Tour com Guias<\/strong> Especializados;<br>&#8211; <strong>ingressos para todas as atra\u00e7\u00f5es do programa<\/strong>.<\/p>\n\n\n\n<p class=\"has-black-color has-light-green-cyan-background-color has-text-color has-background\"><strong>SA\u00cdDAS DA GRANDE S\u00c3O PAULO (SP)<\/strong><br>&#8211; <strong>Transporte de S\u00e3o Paulo<\/strong> (Capital) at\u00e9 Petr\u00f3polis e Vice-versa;<br>&#8211; <strong>Rod\u00edzio de Pizzas<\/strong> de boas-vindas;<br>&#8211; <strong>Hospedagem<\/strong> com Caf\u00e9 da Manh\u00e3;<br>&#8211; <strong>Almo\u00e7o com bebidas<\/strong> n\u00e3o alco\u00f3licas e sobremesa;<br>&#8211; <strong>Tour com Guias<\/strong> Especializados;<br>&#8211;<strong> Ingressos <\/strong>para todas as atra\u00e7\u00f5es.<\/p>\n\n\n\n<p class=\"has-black-color has-vivid-green-cyan-background-color has-text-color has-background\"><strong>CUSTOS<\/strong><\/p>\n\n\n\n<p><strong>SA\u00cdDAS DO GRANDE RIO (RJ)<\/strong><br><strong>De segunda a sexta-feira<\/strong> \u2013 R$ 260,00 (duzentos e sessenta Reais) ou <em>12 parcelas de R$ 23,50 (Vinte e tr\u00eas Reais e cinquenta centavos)<\/em>;<br><strong>S\u00e1bados e domingos<\/strong> &#8211; <em>R$ 320,00 (trezentos e vinte Reais)<\/em> <em><em>12 parcelas de R$ 29,00 (Vinte e nove Reais)<\/em><\/em>;<br><br><strong>SA\u00cdDAS DA GRANDE S\u00c3O PAULO (SP)<\/strong><br><strong>De segunda a sexta-feira<\/strong> \u2013 R$ 560,00 (quinhentos e sessenta Reais) ou <em>12 parcelas de R$ 50,50 (cinquenta Reais e cinquenta centavos)<\/em>;<br><strong>S\u00e1bados e domingos<\/strong> &#8211; <em>R$ 690,00 (seiscentos e quarenta Reais)<\/em> <em><em>12 parcelas de R$ 62,50 (sessenta e dois Reais e cinquenta centavos)<\/em><\/em>.<\/p>\n","protected":false},"excerpt":{"rendered":"<p>Conhecida como&nbsp;Cidade&nbsp;Imperial,&nbsp;Petr\u00f3polis&nbsp;est\u00e1 localizada no Estado do Rio de Janeiro, no Sudeste do Brasil. Encontra-se na mata Atl\u00e2ntica, 813 metros acima do n\u00edvel do mar, na serra dos \u00d3rg\u00e3os, e aproximadamente 67km ao norte da&nbsp;cidade&nbsp;do Rio de Janeiro. Fundada por iniciativa do Imperador&nbsp;Dom Pedro II&nbsp;(seu nome vem da jun\u00e7\u00e3o da palavra em latim&nbsp;Petrus&nbsp;(Pedro) com a em grego&nbsp;P\u00f3lis&nbsp;(cidade), ficando &#8220;Cidade de Pedro&#8221;), \u00e9 frequentemente chamada de &#8220;Cidade Imperial&#8221;, por ter sido a rota preferida de Dom Pedro para seus momentos de lazer&hellip;<\/p>\n","protected":false},"author":1,"featured_media":0,"parent":0,"menu_order":0,"comment_status":"closed","ping_status":"closed","template":"","meta":{"footnotes":""},"class_list":["post-4264","page","type-page","status-publish","hentry"],"_links":{"self":[{"href":"https:\/\/talenttour.com.br\/index.php\/wp-json\/wp\/v2\/pages\/4264","targetHints":{"allow":["GET"]}}],"collection":[{"href":"https:\/\/talenttour.com.br\/index.php\/wp-json\/wp\/v2\/pages"}],"about":[{"href":"https:\/\/talenttour.com.br\/index.php\/wp-json\/wp\/v2\/types\/page"}],"author":[{"embeddable":true,"href":"https:\/\/talenttour.com.br\/index.php\/wp-json\/wp\/v2\/users\/1"}],"replies":[{"embeddable":true,"href":"https:\/\/talenttour.com.br\/index.php\/wp-json\/wp\/v2\/comments?post=4264"}],"version-history":[{"count":20,"href":"https:\/\/talenttour.com.br\/index.php\/wp-json\/wp\/v2\/pages\/4264\/revisions"}],"predecessor-version":[{"id":4434,"href":"https:\/\/talenttour.com.br\/index.php\/wp-json\/wp\/v2\/pages\/4264\/revisions\/4434"}],"wp:attachment":[{"href":"https:\/\/talenttour.com.br\/index.php\/wp-json\/wp\/v2\/media?parent=4264"}],"curies":[{"name":"wp","href":"https:\/\/api.w.org\/{rel}","templated":true}]}}