{"id":40,"date":"2021-03-30T12:40:03","date_gmt":"2021-03-30T15:40:03","guid":{"rendered":"http:\/\/talenttour.com.br\/?page_id=40"},"modified":"2022-12-22T14:33:42","modified_gmt":"2022-12-22T17:33:42","slug":"dancar-na-disney","status":"publish","type":"page","link":"https:\/\/talenttour.com.br\/index.php\/dancar-na-disney\/","title":{"rendered":"Dan\u00e7ar na Disney"},"content":{"rendered":"<div class=\"wp-block-image\">\n<figure class=\"aligncenter size-full is-resized\"><img loading=\"lazy\" decoding=\"async\" src=\"https:\/\/talenttour.com.br\/wp-content\/uploads\/2022\/12\/logo-talent-nova.jpg\" alt=\"\" class=\"wp-image-4443\" width=\"219\" height=\"127\" srcset=\"https:\/\/talenttour.com.br\/wp-content\/uploads\/2022\/12\/logo-talent-nova.jpg 855w, https:\/\/talenttour.com.br\/wp-content\/uploads\/2022\/12\/logo-talent-nova-300x175.jpg 300w, https:\/\/talenttour.com.br\/wp-content\/uploads\/2022\/12\/logo-talent-nova-768x447.jpg 768w, https:\/\/talenttour.com.br\/wp-content\/uploads\/2022\/12\/logo-talent-nova-199x116.jpg 199w\" sizes=\"auto, (max-width: 219px) 100vw, 219px\" \/><\/figure><\/div>\n\n\n<p>O Projeto <strong>Dan\u00e7ar na Disney<\/strong> visa duas apresenta\u00e7\u00f5es da dan\u00e7a, uma na<strong>&nbsp;WALT DISNEY WORLD&nbsp;<\/strong>e outra no<strong>&nbsp;UNIVERSAL STUDIOS RESORT.<\/strong><\/p>\n\n\n\n<p><strong>A Talent Tour prop\u00f5e uma viagem de 12 dias, incluindo:<\/strong><\/p>\n\n\n\n<p>\u2022 HOSPEDAGEM (9 noites) = Wyndham Orlando Resort &amp; Conference Center Celebration Area (apartamentos qu\u00e1druplos) ou similar c\/ caf\u00e9 manh\u00e3 continental;<br>\u2022 TRANSPORTE para todas as atra\u00e7\u00f5es do programa;<br>\u2022 SEGURO SA\u00daDE e BAGAGEM com cobertura de US$ 30.000,00;<br>\u2022 INGRESSOS DISNEY (4 dias \u2013 Magic Kingdom, Epcot, Animal Kingdom e Hollywood Studios);<br>\u2022 INGRESSOS UNIVERSAL STUDIOS e ISLANDS OF ADVENTURE (2 dias);<br>\u2022 INGRESSO THE WHEEL (Roda-gigante);<br>\u2022 INGRESSO MUSEU DE CERA MADAME TUSSAUDS;<br>\u2022 INGRESSO AQU\u00c1RIO SEA LIFE;<br>\u2022 GUIA ESPECIALIZADO NOS PARQUES;<br>\u2022 VISITAS AOS SHOPPINGS FLORIDA MALL, PREMIUM INTERNATIONAL DRIVE ou VINELAND AVENUE e LOJAS DE BRASILEIROS;<br>\u2022 VISITAS a DISNEY SPRINGS e UNIVERSAL CITY WALK;<br>\u2022 INSCRI\u00c7\u00c3O nos programas DISNEY IMAGINATION CAMPUS e UNIVERSAL STARS PERFORMANCE PROGRAM;<br>\u2022  DAN\u00c7AR NA ABERTURA DO JOGO DE BASQUETE DO ORLANDO MAGIC: as apresenta\u00e7\u00f5es est\u00e3o sujeitas \u00e0 disponibilidade conforme a tabela de jogos a cada temporada e custo extra para esta programa\u00e7\u00e3o opcional.<\/p>\n\n\n\n<p>Tudo isso com o acompanhamento e coordena\u00e7\u00e3o da Equipe Talent Tour no Brasil e nos Estados Unidos, com um pre\u00e7o atraente e justo. Fale conosco e solicite uma proposta no e-mail&nbsp;<strong><a href=\"mailto:contato@talenttour.com.br\">contato@talenttour.com.br<\/a>.<\/strong><\/p>\n\n\n\n<p>CONHE\u00c7A OS PROGRAMAS DISNEY IMAGINATION CAMPUS PERFORMING ARTS, UNIVERSAL STARS PERFORMANCE e sobre participa\u00e7\u00e3o na ABERTURA DE UM JOGO DE BASQUETE DO ORLANDO MAGIC: <\/p>\n\n\n<div class=\"wp-block-image\">\n<figure class=\"alignleft size-full is-resized\"><a href=\"talenttour.com.br\/index.php\/disney-imagination-campus\/\" target=\"_blank\" rel=\"noreferrer noopener\"><img loading=\"lazy\" decoding=\"async\" src=\"https:\/\/talenttour.com.br\/wp-content\/uploads\/2022\/12\/programa-2022-1-1.jpg\" alt=\"\" class=\"wp-image-4457\" width=\"176\" height=\"126\" srcset=\"https:\/\/talenttour.com.br\/wp-content\/uploads\/2022\/12\/programa-2022-1-1.jpg 686w, https:\/\/talenttour.com.br\/wp-content\/uploads\/2022\/12\/programa-2022-1-1-300x215.jpg 300w, https:\/\/talenttour.com.br\/wp-content\/uploads\/2022\/12\/programa-2022-1-1-162x116.jpg 162w\" sizes=\"auto, (max-width: 176px) 100vw, 176px\" \/><\/a><\/figure><\/div>\n\n<div class=\"wp-block-image\">\n<figure class=\"alignleft size-full is-resized\"><a href=\"https:\/\/talenttour.com.br\/index.php\/disney-imagination-campus-workshops\/\" target=\"_blank\" rel=\"noreferrer noopener\"><img loading=\"lazy\" decoding=\"async\" src=\"https:\/\/talenttour.com.br\/wp-content\/uploads\/2022\/12\/programa-2022-2-1.jpg\" alt=\"\" class=\"wp-image-4460\" width=\"173\" height=\"124\" srcset=\"https:\/\/talenttour.com.br\/wp-content\/uploads\/2022\/12\/programa-2022-2-1.jpg 686w, https:\/\/talenttour.com.br\/wp-content\/uploads\/2022\/12\/programa-2022-2-1-300x215.jpg 300w, https:\/\/talenttour.com.br\/wp-content\/uploads\/2022\/12\/programa-2022-2-1-162x116.jpg 162w\" sizes=\"auto, (max-width: 173px) 100vw, 173px\" \/><\/a><\/figure><\/div>\n\n<div class=\"wp-block-image\">\n<figure class=\"alignleft size-full is-resized\"><a href=\"https:\/\/talenttour.com.br\/index.php\/universal-stars-performance-program\/\" target=\"_blank\" rel=\"noreferrer noopener\"><img loading=\"lazy\" decoding=\"async\" src=\"https:\/\/talenttour.com.br\/wp-content\/uploads\/2022\/12\/programa-2022-3-1.jpg\" alt=\"\" class=\"wp-image-4461\" width=\"171\" height=\"122\" srcset=\"https:\/\/talenttour.com.br\/wp-content\/uploads\/2022\/12\/programa-2022-3-1.jpg 686w, https:\/\/talenttour.com.br\/wp-content\/uploads\/2022\/12\/programa-2022-3-1-300x215.jpg 300w, https:\/\/talenttour.com.br\/wp-content\/uploads\/2022\/12\/programa-2022-3-1-162x116.jpg 162w\" sizes=\"auto, (max-width: 171px) 100vw, 171px\" \/><\/a><\/figure><\/div>\n\n<div class=\"wp-block-image\">\n<figure class=\"alignleft size-full is-resized\"><a href=\"https:\/\/talenttour.com.br\/index.php\/orlando-magic\/\" target=\"_blank\" rel=\"noreferrer noopener\"><img loading=\"lazy\" decoding=\"async\" src=\"https:\/\/talenttour.com.br\/wp-content\/uploads\/2022\/12\/programa-2022-4-1.jpg\" alt=\"\" class=\"wp-image-4462\" width=\"167\" height=\"121\" srcset=\"https:\/\/talenttour.com.br\/wp-content\/uploads\/2022\/12\/programa-2022-4-1.jpg 686w, https:\/\/talenttour.com.br\/wp-content\/uploads\/2022\/12\/programa-2022-4-1-300x215.jpg 300w, https:\/\/talenttour.com.br\/wp-content\/uploads\/2022\/12\/programa-2022-4-1-162x116.jpg 162w\" sizes=\"auto, (max-width: 167px) 100vw, 167px\" \/><\/a><\/figure><\/div>","protected":false},"excerpt":{"rendered":"<p>O Projeto Dan\u00e7ar na Disney visa duas apresenta\u00e7\u00f5es da dan\u00e7a, uma na&nbsp;WALT DISNEY WORLD&nbsp;e outra no&nbsp;UNIVERSAL STUDIOS RESORT. A Talent Tour prop\u00f5e uma viagem de 12 dias, incluindo: \u2022 HOSPEDAGEM (9 noites) = Wyndham Orlando Resort &amp; Conference Center Celebration Area (apartamentos qu\u00e1druplos) ou similar c\/ caf\u00e9 manh\u00e3 continental;\u2022 TRANSPORTE para todas as atra\u00e7\u00f5es do programa;\u2022 SEGURO SA\u00daDE e BAGAGEM com cobertura de US$ 30.000,00;\u2022 INGRESSOS DISNEY (4 dias \u2013 Magic Kingdom, Epcot, Animal Kingdom e Hollywood Studios);\u2022 INGRESSOS UNIVERSAL&hellip;<\/p>\n","protected":false},"author":1,"featured_media":0,"parent":0,"menu_order":0,"comment_status":"closed","ping_status":"closed","template":"","meta":{"footnotes":""},"class_list":["post-40","page","type-page","status-publish","hentry"],"_links":{"self":[{"href":"https:\/\/talenttour.com.br\/index.php\/wp-json\/wp\/v2\/pages\/40","targetHints":{"allow":["GET"]}}],"collection":[{"href":"https:\/\/talenttour.com.br\/index.php\/wp-json\/wp\/v2\/pages"}],"about":[{"href":"https:\/\/talenttour.com.br\/index.php\/wp-json\/wp\/v2\/types\/page"}],"author":[{"embeddable":true,"href":"https:\/\/talenttour.com.br\/index.php\/wp-json\/wp\/v2\/users\/1"}],"replies":[{"embeddable":true,"href":"https:\/\/talenttour.com.br\/index.php\/wp-json\/wp\/v2\/comments?post=40"}],"version-history":[{"count":32,"href":"https:\/\/talenttour.com.br\/index.php\/wp-json\/wp\/v2\/pages\/40\/revisions"}],"predecessor-version":[{"id":4629,"href":"https:\/\/talenttour.com.br\/index.php\/wp-json\/wp\/v2\/pages\/40\/revisions\/4629"}],"wp:attachment":[{"href":"https:\/\/talenttour.com.br\/index.php\/wp-json\/wp\/v2\/media?parent=40"}],"curies":[{"name":"wp","href":"https:\/\/api.w.org\/{rel}","templated":true}]}}