{"id":3514,"date":"2021-05-16T16:45:00","date_gmt":"2021-05-16T19:45:00","guid":{"rendered":"http:\/\/talenttour.com.br\/?page_id=3514"},"modified":"2022-12-07T13:12:20","modified_gmt":"2022-12-07T16:12:20","slug":"universal-stars-performance-program","status":"publish","type":"page","link":"https:\/\/talenttour.com.br\/index.php\/universal-stars-performance-program\/","title":{"rendered":"UNIVERSAL STARS PERFORMANCE PROGRAM"},"content":{"rendered":"\n<p>O Universal Orlando Resort STARS Performance Program oferece op\u00e7\u00f5es de apresenta\u00e7\u00f5es que colocam seu grupo no incr\u00edvel centro de entretenimento da Universal. Quer seu grupo seja uma escola de dan\u00e7a, coral, banda ou orquestra, a Universal Orlando oferece experi\u00eancias e emo\u00e7\u00f5es \u00fanicas.<\/p>\n\n\n\n<p>O grupo ter\u00e1 a oportunidade de se apresentar para visitantes do mundo todo desde o palco coberto da \u2018Lagoon Stage\u2019 no complexo de entretenimento da Universal CityWalk.<\/p>\n\n\n\n<p>Situado entre os parques Universal\u2019s Islands of Adventure e Universal Studios Florida, este local oferece um cen\u00e1rio perfeito para exibir o extraordin\u00e1rio desempenho de seu grupo.<\/p>\n\n\n\n<p>Venha para este lugar bel\u00edssimo onde os aplausos deixar\u00e3o seus artistas com maravilhosas lembran\u00e7as para toda a vida.<\/p>\n\n\n\n<p class=\"has-white-color has-text-color has-background\" style=\"background-color:#414c6c\"><strong>WORKSHOPS<\/strong><\/p>\n\n\n\n<p><strong>Dance is UNIVERSAL<\/strong><strong>!<\/strong> &nbsp;A Workshop with the Professionals<\/p>\n\n\n\n<p>Voc\u00ea pode escolher entre os Workshops \u2018The Master Class\u2019 ou \u2018The Audition\u2019.<\/p>\n\n\n\n<p>Nestes programas, os alunos conhecer\u00e3o sobre a carreira profissional na dan\u00e7a, receber\u00e3o indica\u00e7\u00f5es sobre curr\u00edculo e uma audi\u00e7\u00e3o bem-sucedida. Al\u00e9m disso, aprender\u00e3o uma coreografia tem\u00e1tica original incorporando ballet, jazz e teatro musical.<\/p>\n\n\n\n<p>Os workshops s\u00e3o ministrados por um dos core\u00f3grafos e artistas profissionais da Universal altamente treinados e est\u00e3o alinhados com os Processos Art\u00edsticos do National Core Arts Standards for Dance.<\/p>\n\n\n\n<p><strong><a href=\"http:\/\/talenttour.com.br\/index.php\/dancar-na-disney\/\">VOLTAR &#8212;&#8211;<\/a><\/strong><\/p>\n","protected":false},"excerpt":{"rendered":"<p>O Universal Orlando Resort STARS Performance Program oferece op\u00e7\u00f5es de apresenta\u00e7\u00f5es que colocam seu grupo no incr\u00edvel centro de entretenimento da Universal. Quer seu grupo seja uma escola de dan\u00e7a, coral, banda ou orquestra, a Universal Orlando oferece experi\u00eancias e emo\u00e7\u00f5es \u00fanicas. O grupo ter\u00e1 a oportunidade de se apresentar para visitantes do mundo todo desde o palco coberto da \u2018Lagoon Stage\u2019 no complexo de entretenimento da Universal CityWalk. Situado entre os parques Universal\u2019s Islands of Adventure e Universal Studios&hellip;<\/p>\n","protected":false},"author":1,"featured_media":0,"parent":0,"menu_order":0,"comment_status":"closed","ping_status":"closed","template":"","meta":{"footnotes":""},"class_list":["post-3514","page","type-page","status-publish","hentry"],"_links":{"self":[{"href":"https:\/\/talenttour.com.br\/index.php\/wp-json\/wp\/v2\/pages\/3514","targetHints":{"allow":["GET"]}}],"collection":[{"href":"https:\/\/talenttour.com.br\/index.php\/wp-json\/wp\/v2\/pages"}],"about":[{"href":"https:\/\/talenttour.com.br\/index.php\/wp-json\/wp\/v2\/types\/page"}],"author":[{"embeddable":true,"href":"https:\/\/talenttour.com.br\/index.php\/wp-json\/wp\/v2\/users\/1"}],"replies":[{"embeddable":true,"href":"https:\/\/talenttour.com.br\/index.php\/wp-json\/wp\/v2\/comments?post=3514"}],"version-history":[{"count":6,"href":"https:\/\/talenttour.com.br\/index.php\/wp-json\/wp\/v2\/pages\/3514\/revisions"}],"predecessor-version":[{"id":4484,"href":"https:\/\/talenttour.com.br\/index.php\/wp-json\/wp\/v2\/pages\/3514\/revisions\/4484"}],"wp:attachment":[{"href":"https:\/\/talenttour.com.br\/index.php\/wp-json\/wp\/v2\/media?parent=3514"}],"curies":[{"name":"wp","href":"https:\/\/api.w.org\/{rel}","templated":true}]}}