{"id":3442,"date":"2021-05-16T15:28:57","date_gmt":"2021-05-16T18:28:57","guid":{"rendered":"http:\/\/talenttour.com.br\/?page_id=3442"},"modified":"2022-12-22T14:32:21","modified_gmt":"2022-12-22T17:32:21","slug":"disney-imagination-campus","status":"publish","type":"page","link":"https:\/\/talenttour.com.br\/index.php\/disney-imagination-campus\/","title":{"rendered":"DISNEY IMAGINATION CAMPUS &#8211; PERFORMING ARTS"},"content":{"rendered":"\n<p>Disney Perfoming Arts \u00e9&nbsp;o programa de jovens Talentos do Disney Imagination Campus que possibilita a experi\u00eancia \u00fanica de se apresentar para um p\u00fablico oriundo de diversos pa\u00edses e culturas, num dos lugares mais bonitos do planeta: a Walt Disney World em Orlando na Florida.<\/p>\n\n\n\n<p>O programa oferece a oportunidade de experimentar em primeira m\u00e3o como \u00e9 ser um profissional de entretenimento da Disney no mundo da dan\u00e7a, teatro musical, coral, banda e orquestra.<\/p>\n\n\n\n<p>Apresentar-se no palco da Disney \u00e9 o m\u00e1ximo! Uma experi\u00eancia marcante e inesquec\u00edvel, tanto para quem dan\u00e7a como para os pais e familiares.<\/p>\n\n\n\n<p>A Disney possui um espa\u00e7o especial para grupos de palco (dan\u00e7a, orquestras e corais) mostrarem seu talento. Ele fica em DISNEY SPRINGS no ponto mais nobre, defronte \u00e0 loja \u201cWorld of Disney\u201d. Trata-se de um teatro ao ar livre para centenas de pessoas, com toda a estrutura de som e luz para grandes eventos.<\/p>\n\n\n\n<p>Imagine voc\u00ea, sendo recebido pelos coordenadores no camarim da Disney? Nesse momento voc\u00ea se sente o verdadeiro&nbsp;artista. A felicidade toma conta e contagia a todos. Afinal, \u00e9 a emo\u00e7\u00e3o de realizar o sonho de ser astro da Disney naquele momento m\u00e1gico!!!<\/p>\n\n\n\n<p>\u00c9 uma oportunidade incr\u00edvel onde jovens aprender\u00e3o li\u00e7\u00f5es valiosas que durar\u00e3o uma vida inteira.<\/p>\n\n\n\n<p><strong><a href=\"http:\/\/talenttour.com.br\/index.php\/dancar-na-disney\/\">VOLTAR &#8212;&#8211;<\/a><\/strong><\/p>\n","protected":false},"excerpt":{"rendered":"<p>Disney Perfoming Arts \u00e9&nbsp;o programa de jovens Talentos do Disney Imagination Campus que possibilita a experi\u00eancia \u00fanica de se apresentar para um p\u00fablico oriundo de diversos pa\u00edses e culturas, num dos lugares mais bonitos do planeta: a Walt Disney World em Orlando na Florida. O programa oferece a oportunidade de experimentar em primeira m\u00e3o como \u00e9 ser um profissional de entretenimento da Disney no mundo da dan\u00e7a, teatro musical, coral, banda e orquestra. Apresentar-se no palco da Disney \u00e9 o&hellip;<\/p>\n","protected":false},"author":1,"featured_media":0,"parent":0,"menu_order":0,"comment_status":"closed","ping_status":"closed","template":"","meta":{"footnotes":""},"class_list":["post-3442","page","type-page","status-publish","hentry"],"_links":{"self":[{"href":"https:\/\/talenttour.com.br\/index.php\/wp-json\/wp\/v2\/pages\/3442","targetHints":{"allow":["GET"]}}],"collection":[{"href":"https:\/\/talenttour.com.br\/index.php\/wp-json\/wp\/v2\/pages"}],"about":[{"href":"https:\/\/talenttour.com.br\/index.php\/wp-json\/wp\/v2\/types\/page"}],"author":[{"embeddable":true,"href":"https:\/\/talenttour.com.br\/index.php\/wp-json\/wp\/v2\/users\/1"}],"replies":[{"embeddable":true,"href":"https:\/\/talenttour.com.br\/index.php\/wp-json\/wp\/v2\/comments?post=3442"}],"version-history":[{"count":8,"href":"https:\/\/talenttour.com.br\/index.php\/wp-json\/wp\/v2\/pages\/3442\/revisions"}],"predecessor-version":[{"id":4628,"href":"https:\/\/talenttour.com.br\/index.php\/wp-json\/wp\/v2\/pages\/3442\/revisions\/4628"}],"wp:attachment":[{"href":"https:\/\/talenttour.com.br\/index.php\/wp-json\/wp\/v2\/media?parent=3442"}],"curies":[{"name":"wp","href":"https:\/\/api.w.org\/{rel}","templated":true}]}}