{"id":24,"date":"2021-03-30T12:37:17","date_gmt":"2021-03-30T15:37:17","guid":{"rendered":"http:\/\/talenttour.com.br\/?page_id=24"},"modified":"2022-12-07T14:13:59","modified_gmt":"2022-12-07T17:13:59","slug":"sobre-nos","status":"publish","type":"page","link":"https:\/\/talenttour.com.br\/index.php\/sobre-nos\/","title":{"rendered":"Sobre n\u00f3s"},"content":{"rendered":"\n<p>A\u00a0<strong>TALENT TOUR<\/strong>\u00a0tem origem na Banda Marcial Prof. Amadeu Guimar\u00e3es do Col\u00e9gio S\u00e3o Jos\u00e9\u00a0de Petr\u00f3polis (BMPAG), quando M\u00c1RIO A.D. MESQUITA, um dos Diretores do CSJ e Diretor da BMPAG, conheceu o ent\u00e3o programa &#8220;Disney Magic Music Days&#8221;.\u00a0Essa hist\u00f3ria data de 1996, quando pela primeira vez a BMPAG se apresentou na\u00a0Disney World\u00a0em EPCOT e repetiu o feito no MAGIC KINGDOM (1997) e no DISNEY-MGM STUDIOS (1998). Em 2000 apresentou-se em BOARDWALK e UNIVERSAL STUDIOS. Com o 11 de Setembro de 2001,\u00a0o projeto ficou interrompido at\u00e9 2006, quando M\u00c1RIO recebeu um convite do ent\u00e3o\u00a0Disney Magic Music Days\u00a0para que a Banda regressasse para se apresentar nos seus parques, o que aconteceu em 2007 no MAGIC KINGDOM e se repete at\u00e9 hoje alternando suas apresenta\u00e7\u00f5es entre EPCOT e MAGIC KINGDOM, aproveitando tamb\u00e9m para se apresentar todos estes anos na UNIVERSAL STUDIOS e quando poss\u00edvel no KENNEDY SPACE CENTER DA NASA e no AMWAY CENTER por ocasi\u00e3o dos jogos da NBA com a equipe do ORLANDO MAGIC. A mais nova parceria da TALENT \u00e9 com o ICON PARK ORLANDO.<\/p>\n\n\n\n<div class=\"wp-block-columns is-layout-flex wp-container-core-columns-is-layout-9d6595d7 wp-block-columns-is-layout-flex\">\n<div class=\"wp-block-column is-layout-flow wp-block-column-is-layout-flow\">\n<figure class=\"wp-block-video aligncenter\"><video controls src=\"http:\/\/talenttour.com.br\/wp-content\/uploads\/2021\/06\/Banda-1996.mp4\"><\/video><figcaption class=\"wp-element-caption\">Banda Disney 1996 &#8211; Epcot<\/figcaption><\/figure>\n<\/div>\n\n\n\n<div class=\"wp-block-column is-layout-flow wp-block-column-is-layout-flow\">\n<figure class=\"wp-block-video aligncenter\"><video controls src=\"http:\/\/talenttour.com.br\/wp-content\/uploads\/2021\/06\/Banda-1997.mp4\"><\/video><figcaption class=\"wp-element-caption\">Banda Disney 1997 &#8211; Magic Kingdom<\/figcaption><\/figure>\n<\/div>\n<\/div>\n\n\n\n<div class=\"wp-block-columns is-layout-flex wp-container-core-columns-is-layout-9d6595d7 wp-block-columns-is-layout-flex\">\n<div class=\"wp-block-column is-layout-flow wp-block-column-is-layout-flow\">\n<figure class=\"wp-block-video aligncenter\"><video controls src=\"http:\/\/talenttour.com.br\/wp-content\/uploads\/2021\/06\/Banda-1998.mp4\"><\/video><figcaption class=\"wp-element-caption\">Banda Disney 1998 &#8211; Disney-MGM Studios<\/figcaption><\/figure>\n<\/div>\n\n\n\n<div class=\"wp-block-column is-layout-flow wp-block-column-is-layout-flow\">\n<figure class=\"wp-block-video\"><video controls src=\"http:\/\/talenttour.com.br\/wp-content\/uploads\/2021\/06\/Banda-2000-1.mp4\"><\/video><figcaption class=\"wp-element-caption\">Banda Disney e Universal 2000 &#8211; Boardwalk e CityWalk<\/figcaption><\/figure>\n<\/div>\n<\/div>\n\n\n\n<p>Com o sucesso das apresenta\u00e7\u00f5es da BMPAG em Orlando o ent\u00e3o Diretor do CSJ, M\u00c1RIO A.D. MESQUITA foi procurado por grupos de dan\u00e7a que conheceram o trabalho da Banda e lhe solicitaram o apoio para que suas Escolas de Dan\u00e7a tamb\u00e9m realizassem o sonho de fazer parte do show da Disney. O apoio foi concedido e as viagens foram um grande sucesso. Desde 2009, conduzimos grupos a&nbsp;Orlando e o \u00eaxito destes eventos fez com que o DISNEY PERFORMING ARTS (sucessor do DISNEY MAGIC MUSIC DAYS) nos credenciasse como TRAVEL PLANNER. Por esta raz\u00e3o foi fundada a TALENT TOUR. N\u00f3s sabemos o que \u00e9 fazer parte do show, conhecemos o que \u00e9 produzir um espet\u00e1culo, seus preparativos, ensaios, figurinos e tudo mais. Conhecemos tamb\u00e9m todas as formalidades para inscri\u00e7\u00e3o de grupos nos programas de jovens da talentos da Disney World e Universal Studios.<\/p>\n\n\n\n<p><strong>Afinal, DAN\u00c7AR NA DISNEY \u00e9 com a N\u00daMERO 1, TALENT TOUR.<\/strong><\/p>\n\n\n\n<figure class=\"wp-block-image\"><img decoding=\"async\" src=\"https:\/\/static.wixstatic.com\/media\/9cef15_7602bd3521864f17ba41e66b9ed68e32~mv2.png\/v1\/fill\/w_130,h_69,al_c,q_85,usm_0.66_1.00_0.01\/9cef15_7602bd3521864f17ba41e66b9ed68e32~mv2.webp\" alt=\"Qualit\u00e9 Turismo Dan\u00e7ar na Disney\"\/><\/figure>\n\n\n\n<p>A&nbsp;<strong>TALENT TOUR<\/strong>&nbsp;Ltda EPP&nbsp;\u00e9 uma Empresa de Turismo com sede na cidade de Petr\u00f3polis, Rio de Janeiro, \u00e0 Rua Montecaseros 240-B e inscrita no CNPJ sob o n\u00famero&nbsp;17.253.038\/0001-79, no CADASTUR sob o n\u00famero 19.074599.10.0001.7 e na ABAV sob o n\u00famero 1735.<\/p>\n\n\n\n<figure class=\"wp-block-image\"><img decoding=\"async\" src=\"https:\/\/static.wixstatic.com\/media\/9cef15_c6592073e37b4e27bf00341528ff90b1~mv2.png\/v1\/fill\/w_132,h_70,al_c,q_85,usm_0.66_1.00_0.01\/9cef15_c6592073e37b4e27bf00341528ff90b1~mv2.webp\" alt=\"Larissa Manoela Dan\u00e7ando Na Disney\"\/><\/figure>\n\n\n\n<p>A&nbsp;<strong>TALENT TOUR USA CORP&nbsp;<\/strong>\u00e9 uma Empresa de Turismo com sede na cidade de Orlando, Fl\u00f3rida, Estados Unidos na 5950, Lakehust Dr. &#8211; STE 244.<\/p>\n","protected":false},"excerpt":{"rendered":"<p>A\u00a0TALENT TOUR\u00a0tem origem na Banda Marcial Prof. Amadeu Guimar\u00e3es do Col\u00e9gio S\u00e3o Jos\u00e9\u00a0de Petr\u00f3polis (BMPAG), quando M\u00c1RIO A.D. MESQUITA, um dos Diretores do CSJ e Diretor da BMPAG, conheceu o ent\u00e3o programa &#8220;Disney Magic Music Days&#8221;.\u00a0Essa hist\u00f3ria data de 1996, quando pela primeira vez a BMPAG se apresentou na\u00a0Disney World\u00a0em EPCOT e repetiu o feito no MAGIC KINGDOM (1997) e no DISNEY-MGM STUDIOS (1998). Em 2000 apresentou-se em BOARDWALK e UNIVERSAL STUDIOS. Com o 11 de Setembro de 2001,\u00a0o projeto&hellip;<\/p>\n","protected":false},"author":1,"featured_media":0,"parent":0,"menu_order":0,"comment_status":"closed","ping_status":"closed","template":"","meta":{"footnotes":""},"class_list":["post-24","page","type-page","status-publish","hentry"],"_links":{"self":[{"href":"https:\/\/talenttour.com.br\/index.php\/wp-json\/wp\/v2\/pages\/24","targetHints":{"allow":["GET"]}}],"collection":[{"href":"https:\/\/talenttour.com.br\/index.php\/wp-json\/wp\/v2\/pages"}],"about":[{"href":"https:\/\/talenttour.com.br\/index.php\/wp-json\/wp\/v2\/types\/page"}],"author":[{"embeddable":true,"href":"https:\/\/talenttour.com.br\/index.php\/wp-json\/wp\/v2\/users\/1"}],"replies":[{"embeddable":true,"href":"https:\/\/talenttour.com.br\/index.php\/wp-json\/wp\/v2\/comments?post=24"}],"version-history":[{"count":18,"href":"https:\/\/talenttour.com.br\/index.php\/wp-json\/wp\/v2\/pages\/24\/revisions"}],"predecessor-version":[{"id":4503,"href":"https:\/\/talenttour.com.br\/index.php\/wp-json\/wp\/v2\/pages\/24\/revisions\/4503"}],"wp:attachment":[{"href":"https:\/\/talenttour.com.br\/index.php\/wp-json\/wp\/v2\/media?parent=24"}],"curies":[{"name":"wp","href":"https:\/\/api.w.org\/{rel}","templated":true}]}}